{"id":648,"date":"2025-05-06T12:43:35","date_gmt":"2025-05-06T10:43:35","guid":{"rendered":"https:\/\/www.avisrl.eu\/contatti\/"},"modified":"2025-07-02T16:49:46","modified_gmt":"2025-07-02T14:49:46","slug":"kontakte","status":"publish","type":"page","link":"https:\/\/www.avisrl.eu\/de\/kontakte\/","title":{"rendered":"Kontakte"},"content":{"rendered":"<p>Direkter Dialog f\u00fcr ma\u00dfgeschneiderte L\u00f6sungen<\/p>\n","protected":false},"excerpt":{"rendered":"<p>Direkter Dialog f\u00fcr ma\u00dfgeschneiderte L\u00f6sungen<\/p>\n","protected":false},"author":1,"featured_media":360,"parent":0,"menu_order":0,"comment_status":"closed","ping_status":"closed","template":"page-contatti.php","meta":{"_acf_changed":false,"inline_featured_image":false,"footnotes":""},"class_list":["post-648","page","type-page","status-publish","has-post-thumbnail","hentry"],"acf":[],"yoast_head":"<!-- This site is optimized with the Yoast SEO plugin v27.5 - https:\/\/yoast.com\/product\/yoast-seo-wordpress\/ -->\n<title>Kontakte - Avisrl<\/title>\n<meta name=\"description\" content=\"Direkter Dialog f\u00fcr ma\u00dfgeschneiderte L\u00f6sungen\" \/>\n<meta name=\"robots\" content=\"index, follow, max-snippet:-1, max-image-preview:large, max-video-preview:-1\" \/>\n<link rel=\"canonical\" href=\"https:\/\/www.avisrl.eu\/de\/kontakte\/\" \/>\n<meta property=\"og:locale\" content=\"de_DE\" \/>\n<meta property=\"og:type\" content=\"article\" \/>\n<meta property=\"og:title\" content=\"Kontakte - Avisrl\" \/>\n<meta property=\"og:description\" content=\"Direkter Dialog f\u00fcr ma\u00dfgeschneiderte L\u00f6sungen\" \/>\n<meta property=\"og:url\" content=\"https:\/\/www.avisrl.eu\/de\/kontakte\/\" \/>\n<meta property=\"og:site_name\" content=\"Avisrl\" \/>\n<meta property=\"article:modified_time\" content=\"2025-07-02T14:49:46+00:00\" \/>\n<meta property=\"og:image\" content=\"https:\/\/www.avisrl.eu\/wp-content\/uploads\/2025\/05\/2149256104.webp\" \/>\n\t<meta property=\"og:image:width\" content=\"2000\" \/>\n\t<meta property=\"og:image:height\" content=\"1331\" \/>\n\t<meta property=\"og:image:type\" content=\"image\/webp\" \/>\n<meta name=\"twitter:card\" content=\"summary_large_image\" \/>\n<script type=\"application\/ld+json\" class=\"yoast-schema-graph\">{\"@context\":\"https:\\\/\\\/schema.org\",\"@graph\":[{\"@type\":\"WebPage\",\"@id\":\"https:\\\/\\\/www.avisrl.eu\\\/de\\\/kontakte\\\/\",\"url\":\"https:\\\/\\\/www.avisrl.eu\\\/de\\\/kontakte\\\/\",\"name\":\"Kontakte - Avisrl\",\"isPartOf\":{\"@id\":\"https:\\\/\\\/www.avisrl.eu\\\/de\\\/#website\"},\"primaryImageOfPage\":{\"@id\":\"https:\\\/\\\/www.avisrl.eu\\\/de\\\/kontakte\\\/#primaryimage\"},\"image\":{\"@id\":\"https:\\\/\\\/www.avisrl.eu\\\/de\\\/kontakte\\\/#primaryimage\"},\"thumbnailUrl\":\"https:\\\/\\\/www.avisrl.eu\\\/wp-content\\\/uploads\\\/2025\\\/05\\\/2149256104.webp\",\"datePublished\":\"2025-05-06T10:43:35+00:00\",\"dateModified\":\"2025-07-02T14:49:46+00:00\",\"description\":\"Direkter Dialog f\u00fcr ma\u00dfgeschneiderte L\u00f6sungen\",\"breadcrumb\":{\"@id\":\"https:\\\/\\\/www.avisrl.eu\\\/de\\\/kontakte\\\/#breadcrumb\"},\"inLanguage\":\"de\",\"potentialAction\":[{\"@type\":\"ReadAction\",\"target\":[\"https:\\\/\\\/www.avisrl.eu\\\/de\\\/kontakte\\\/\"]}]},{\"@type\":\"ImageObject\",\"inLanguage\":\"de\",\"@id\":\"https:\\\/\\\/www.avisrl.eu\\\/de\\\/kontakte\\\/#primaryimage\",\"url\":\"https:\\\/\\\/www.avisrl.eu\\\/wp-content\\\/uploads\\\/2025\\\/05\\\/2149256104.webp\",\"contentUrl\":\"https:\\\/\\\/www.avisrl.eu\\\/wp-content\\\/uploads\\\/2025\\\/05\\\/2149256104.webp\",\"width\":2000,\"height\":1331,\"caption\":\"Contatti e assistenza dedicate a te\"},{\"@type\":\"BreadcrumbList\",\"@id\":\"https:\\\/\\\/www.avisrl.eu\\\/de\\\/kontakte\\\/#breadcrumb\",\"itemListElement\":[{\"@type\":\"ListItem\",\"position\":1,\"name\":\"Home\",\"item\":\"https:\\\/\\\/www.avisrl.eu\\\/de\\\/\"},{\"@type\":\"ListItem\",\"position\":2,\"name\":\"Kontakte\"}]},{\"@type\":\"WebSite\",\"@id\":\"https:\\\/\\\/www.avisrl.eu\\\/de\\\/#website\",\"url\":\"https:\\\/\\\/www.avisrl.eu\\\/de\\\/\",\"name\":\"Avisrl\",\"description\":\"Aluminiumcontainer\",\"publisher\":{\"@id\":\"https:\\\/\\\/www.avisrl.eu\\\/de\\\/#organization\"},\"potentialAction\":[{\"@type\":\"SearchAction\",\"target\":{\"@type\":\"EntryPoint\",\"urlTemplate\":\"https:\\\/\\\/www.avisrl.eu\\\/de\\\/?s={search_term_string}\"},\"query-input\":{\"@type\":\"PropertyValueSpecification\",\"valueRequired\":true,\"valueName\":\"search_term_string\"}}],\"inLanguage\":\"de\"},{\"@type\":\"Organization\",\"@id\":\"https:\\\/\\\/www.avisrl.eu\\\/de\\\/#organization\",\"name\":\"Avisrl\",\"url\":\"https:\\\/\\\/www.avisrl.eu\\\/de\\\/\",\"logo\":{\"@type\":\"ImageObject\",\"inLanguage\":\"de\",\"@id\":\"https:\\\/\\\/www.avisrl.eu\\\/de\\\/#\\\/schema\\\/logo\\\/image\\\/\",\"url\":\"https:\\\/\\\/www.avisrl.eu\\\/wp-content\\\/uploads\\\/2025\\\/10\\\/logo-Avi-srl.svg\",\"contentUrl\":\"https:\\\/\\\/www.avisrl.eu\\\/wp-content\\\/uploads\\\/2025\\\/10\\\/logo-Avi-srl.svg\",\"width\":124,\"height\":52,\"caption\":\"Avisrl\"},\"image\":{\"@id\":\"https:\\\/\\\/www.avisrl.eu\\\/de\\\/#\\\/schema\\\/logo\\\/image\\\/\"}}]}<\/script>\n<!-- \/ Yoast SEO plugin. -->","yoast_head_json":{"title":"Kontakte - Avisrl","description":"Direkter Dialog f\u00fcr ma\u00dfgeschneiderte L\u00f6sungen","robots":{"index":"index","follow":"follow","max-snippet":"max-snippet:-1","max-image-preview":"max-image-preview:large","max-video-preview":"max-video-preview:-1"},"canonical":"https:\/\/www.avisrl.eu\/de\/kontakte\/","og_locale":"de_DE","og_type":"article","og_title":"Kontakte - Avisrl","og_description":"Direkter Dialog f\u00fcr ma\u00dfgeschneiderte L\u00f6sungen","og_url":"https:\/\/www.avisrl.eu\/de\/kontakte\/","og_site_name":"Avisrl","article_modified_time":"2025-07-02T14:49:46+00:00","og_image":[{"width":2000,"height":1331,"url":"https:\/\/www.avisrl.eu\/wp-content\/uploads\/2025\/05\/2149256104.webp","type":"image\/webp"}],"twitter_card":"summary_large_image","schema":{"@context":"https:\/\/schema.org","@graph":[{"@type":"WebPage","@id":"https:\/\/www.avisrl.eu\/de\/kontakte\/","url":"https:\/\/www.avisrl.eu\/de\/kontakte\/","name":"Kontakte - Avisrl","isPartOf":{"@id":"https:\/\/www.avisrl.eu\/de\/#website"},"primaryImageOfPage":{"@id":"https:\/\/www.avisrl.eu\/de\/kontakte\/#primaryimage"},"image":{"@id":"https:\/\/www.avisrl.eu\/de\/kontakte\/#primaryimage"},"thumbnailUrl":"https:\/\/www.avisrl.eu\/wp-content\/uploads\/2025\/05\/2149256104.webp","datePublished":"2025-05-06T10:43:35+00:00","dateModified":"2025-07-02T14:49:46+00:00","description":"Direkter Dialog f\u00fcr ma\u00dfgeschneiderte L\u00f6sungen","breadcrumb":{"@id":"https:\/\/www.avisrl.eu\/de\/kontakte\/#breadcrumb"},"inLanguage":"de","potentialAction":[{"@type":"ReadAction","target":["https:\/\/www.avisrl.eu\/de\/kontakte\/"]}]},{"@type":"ImageObject","inLanguage":"de","@id":"https:\/\/www.avisrl.eu\/de\/kontakte\/#primaryimage","url":"https:\/\/www.avisrl.eu\/wp-content\/uploads\/2025\/05\/2149256104.webp","contentUrl":"https:\/\/www.avisrl.eu\/wp-content\/uploads\/2025\/05\/2149256104.webp","width":2000,"height":1331,"caption":"Contatti e assistenza dedicate a te"},{"@type":"BreadcrumbList","@id":"https:\/\/www.avisrl.eu\/de\/kontakte\/#breadcrumb","itemListElement":[{"@type":"ListItem","position":1,"name":"Home","item":"https:\/\/www.avisrl.eu\/de\/"},{"@type":"ListItem","position":2,"name":"Kontakte"}]},{"@type":"WebSite","@id":"https:\/\/www.avisrl.eu\/de\/#website","url":"https:\/\/www.avisrl.eu\/de\/","name":"Avisrl","description":"Aluminiumcontainer","publisher":{"@id":"https:\/\/www.avisrl.eu\/de\/#organization"},"potentialAction":[{"@type":"SearchAction","target":{"@type":"EntryPoint","urlTemplate":"https:\/\/www.avisrl.eu\/de\/?s={search_term_string}"},"query-input":{"@type":"PropertyValueSpecification","valueRequired":true,"valueName":"search_term_string"}}],"inLanguage":"de"},{"@type":"Organization","@id":"https:\/\/www.avisrl.eu\/de\/#organization","name":"Avisrl","url":"https:\/\/www.avisrl.eu\/de\/","logo":{"@type":"ImageObject","inLanguage":"de","@id":"https:\/\/www.avisrl.eu\/de\/#\/schema\/logo\/image\/","url":"https:\/\/www.avisrl.eu\/wp-content\/uploads\/2025\/10\/logo-Avi-srl.svg","contentUrl":"https:\/\/www.avisrl.eu\/wp-content\/uploads\/2025\/10\/logo-Avi-srl.svg","width":124,"height":52,"caption":"Avisrl"},"image":{"@id":"https:\/\/www.avisrl.eu\/de\/#\/schema\/logo\/image\/"}}]}},"_links":{"self":[{"href":"https:\/\/www.avisrl.eu\/de\/wp-json\/wp\/v2\/pages\/648","targetHints":{"allow":["GET"]}}],"collection":[{"href":"https:\/\/www.avisrl.eu\/de\/wp-json\/wp\/v2\/pages"}],"about":[{"href":"https:\/\/www.avisrl.eu\/de\/wp-json\/wp\/v2\/types\/page"}],"author":[{"embeddable":true,"href":"https:\/\/www.avisrl.eu\/de\/wp-json\/wp\/v2\/users\/1"}],"replies":[{"embeddable":true,"href":"https:\/\/www.avisrl.eu\/de\/wp-json\/wp\/v2\/comments?post=648"}],"version-history":[{"count":0,"href":"https:\/\/www.avisrl.eu\/de\/wp-json\/wp\/v2\/pages\/648\/revisions"}],"wp:featuredmedia":[{"embeddable":true,"href":"https:\/\/www.avisrl.eu\/de\/wp-json\/wp\/v2\/media\/360"}],"wp:attachment":[{"href":"https:\/\/www.avisrl.eu\/de\/wp-json\/wp\/v2\/media?parent=648"}],"curies":[{"name":"wp","href":"https:\/\/api.w.org\/{rel}","templated":true}]}}