{"id":652,"date":"2025-05-06T12:44:10","date_gmt":"2025-05-06T10:44:10","guid":{"rendered":"https:\/\/www.avisrl.eu\/il-nostro-impegno-concreto-in-responsabilita-ambientale\/"},"modified":"2025-07-30T12:41:43","modified_gmt":"2025-07-30T10:41:43","slug":"unser-konkretes-engagement-fuer-oekologische-verantwortung","status":"publish","type":"page","link":"https:\/\/www.avisrl.eu\/de\/unser-konkretes-engagement-fuer-oekologische-verantwortung\/","title":{"rendered":"Unser konkretes Engagement f\u00fcr \u00f6kologische Verantwortung"},"content":{"rendered":"<p>Geringeres Gewicht beim \u00f6kologischen Fu\u00dfabdruck, gr\u00f6\u00dferes Engagement bei der Verantwortung<\/p>\n","protected":false},"excerpt":{"rendered":"<p>Geringeres Gewicht beim \u00f6kologischen Fu\u00dfabdruck, gr\u00f6\u00dferes Engagement bei der Verantwortung<\/p>\n","protected":false},"author":1,"featured_media":719,"parent":0,"menu_order":0,"comment_status":"closed","ping_status":"closed","template":"page-sostenibilita.php","meta":{"_acf_changed":false,"inline_featured_image":false,"footnotes":""},"class_list":["post-652","page","type-page","status-publish","has-post-thumbnail","hentry"],"acf":[],"yoast_head":"<!-- This site is optimized with the Yoast SEO plugin v27.5 - https:\/\/yoast.com\/product\/yoast-seo-wordpress\/ -->\n<title>Unser konkretes Engagement f\u00fcr \u00f6kologische Verantwortung - Avisrl<\/title>\n<meta name=\"description\" content=\"Geringeres Gewicht beim \u00f6kologischen Fu\u00dfabdruck, gr\u00f6\u00dferes Engagement bei der Verantwortung\" \/>\n<meta name=\"robots\" content=\"index, follow, max-snippet:-1, max-image-preview:large, max-video-preview:-1\" \/>\n<link rel=\"canonical\" href=\"https:\/\/www.avisrl.eu\/de\/unser-konkretes-engagement-fuer-oekologische-verantwortung\/\" \/>\n<meta property=\"og:locale\" content=\"de_DE\" \/>\n<meta property=\"og:type\" content=\"article\" \/>\n<meta property=\"og:title\" content=\"Unser konkretes Engagement f\u00fcr \u00f6kologische Verantwortung - Avisrl\" \/>\n<meta property=\"og:description\" content=\"Geringeres Gewicht beim \u00f6kologischen Fu\u00dfabdruck, gr\u00f6\u00dferes Engagement bei der Verantwortung\" \/>\n<meta property=\"og:url\" content=\"https:\/\/www.avisrl.eu\/de\/unser-konkretes-engagement-fuer-oekologische-verantwortung\/\" \/>\n<meta property=\"og:site_name\" content=\"Avisrl\" \/>\n<meta property=\"article:modified_time\" content=\"2025-07-30T10:41:43+00:00\" \/>\n<meta property=\"og:image\" content=\"https:\/\/www.avisrl.eu\/wp-content\/uploads\/2025\/07\/avi-sostenibilita.webp\" \/>\n\t<meta property=\"og:image:width\" content=\"1920\" \/>\n\t<meta property=\"og:image:height\" content=\"1080\" \/>\n\t<meta property=\"og:image:type\" content=\"image\/webp\" \/>\n<meta name=\"twitter:card\" content=\"summary_large_image\" \/>\n<script type=\"application\/ld+json\" class=\"yoast-schema-graph\">{\"@context\":\"https:\\\/\\\/schema.org\",\"@graph\":[{\"@type\":\"WebPage\",\"@id\":\"https:\\\/\\\/www.avisrl.eu\\\/de\\\/unser-konkretes-engagement-fuer-oekologische-verantwortung\\\/\",\"url\":\"https:\\\/\\\/www.avisrl.eu\\\/de\\\/unser-konkretes-engagement-fuer-oekologische-verantwortung\\\/\",\"name\":\"Unser konkretes Engagement f\u00fcr \u00f6kologische Verantwortung - Avisrl\",\"isPartOf\":{\"@id\":\"https:\\\/\\\/www.avisrl.eu\\\/de\\\/#website\"},\"primaryImageOfPage\":{\"@id\":\"https:\\\/\\\/www.avisrl.eu\\\/de\\\/unser-konkretes-engagement-fuer-oekologische-verantwortung\\\/#primaryimage\"},\"image\":{\"@id\":\"https:\\\/\\\/www.avisrl.eu\\\/de\\\/unser-konkretes-engagement-fuer-oekologische-verantwortung\\\/#primaryimage\"},\"thumbnailUrl\":\"https:\\\/\\\/www.avisrl.eu\\\/wp-content\\\/uploads\\\/2025\\\/07\\\/avi-sostenibilita.webp\",\"datePublished\":\"2025-05-06T10:44:10+00:00\",\"dateModified\":\"2025-07-30T10:41:43+00:00\",\"description\":\"Geringeres Gewicht beim \u00f6kologischen Fu\u00dfabdruck, gr\u00f6\u00dferes Engagement bei der Verantwortung\",\"breadcrumb\":{\"@id\":\"https:\\\/\\\/www.avisrl.eu\\\/de\\\/unser-konkretes-engagement-fuer-oekologische-verantwortung\\\/#breadcrumb\"},\"inLanguage\":\"de\",\"potentialAction\":[{\"@type\":\"ReadAction\",\"target\":[\"https:\\\/\\\/www.avisrl.eu\\\/de\\\/unser-konkretes-engagement-fuer-oekologische-verantwortung\\\/\"]}]},{\"@type\":\"ImageObject\",\"inLanguage\":\"de\",\"@id\":\"https:\\\/\\\/www.avisrl.eu\\\/de\\\/unser-konkretes-engagement-fuer-oekologische-verantwortung\\\/#primaryimage\",\"url\":\"https:\\\/\\\/www.avisrl.eu\\\/wp-content\\\/uploads\\\/2025\\\/07\\\/avi-sostenibilita.webp\",\"contentUrl\":\"https:\\\/\\\/www.avisrl.eu\\\/wp-content\\\/uploads\\\/2025\\\/07\\\/avi-sostenibilita.webp\",\"width\":1920,\"height\":1080,\"caption\":\"Copertura fotovoltaica Avi srl\"},{\"@type\":\"BreadcrumbList\",\"@id\":\"https:\\\/\\\/www.avisrl.eu\\\/de\\\/unser-konkretes-engagement-fuer-oekologische-verantwortung\\\/#breadcrumb\",\"itemListElement\":[{\"@type\":\"ListItem\",\"position\":1,\"name\":\"Home\",\"item\":\"https:\\\/\\\/www.avisrl.eu\\\/de\\\/\"},{\"@type\":\"ListItem\",\"position\":2,\"name\":\"Unser konkretes Engagement f\u00fcr \u00f6kologische Verantwortung\"}]},{\"@type\":\"WebSite\",\"@id\":\"https:\\\/\\\/www.avisrl.eu\\\/de\\\/#website\",\"url\":\"https:\\\/\\\/www.avisrl.eu\\\/de\\\/\",\"name\":\"Avisrl\",\"description\":\"Aluminiumcontainer\",\"publisher\":{\"@id\":\"https:\\\/\\\/www.avisrl.eu\\\/de\\\/#organization\"},\"potentialAction\":[{\"@type\":\"SearchAction\",\"target\":{\"@type\":\"EntryPoint\",\"urlTemplate\":\"https:\\\/\\\/www.avisrl.eu\\\/de\\\/?s={search_term_string}\"},\"query-input\":{\"@type\":\"PropertyValueSpecification\",\"valueRequired\":true,\"valueName\":\"search_term_string\"}}],\"inLanguage\":\"de\"},{\"@type\":\"Organization\",\"@id\":\"https:\\\/\\\/www.avisrl.eu\\\/de\\\/#organization\",\"name\":\"Avisrl\",\"url\":\"https:\\\/\\\/www.avisrl.eu\\\/de\\\/\",\"logo\":{\"@type\":\"ImageObject\",\"inLanguage\":\"de\",\"@id\":\"https:\\\/\\\/www.avisrl.eu\\\/de\\\/#\\\/schema\\\/logo\\\/image\\\/\",\"url\":\"https:\\\/\\\/www.avisrl.eu\\\/wp-content\\\/uploads\\\/2025\\\/10\\\/logo-Avi-srl.svg\",\"contentUrl\":\"https:\\\/\\\/www.avisrl.eu\\\/wp-content\\\/uploads\\\/2025\\\/10\\\/logo-Avi-srl.svg\",\"width\":124,\"height\":52,\"caption\":\"Avisrl\"},\"image\":{\"@id\":\"https:\\\/\\\/www.avisrl.eu\\\/de\\\/#\\\/schema\\\/logo\\\/image\\\/\"}}]}<\/script>\n<!-- \/ Yoast SEO plugin. -->","yoast_head_json":{"title":"Unser konkretes Engagement f\u00fcr \u00f6kologische Verantwortung - Avisrl","description":"Geringeres Gewicht beim \u00f6kologischen Fu\u00dfabdruck, gr\u00f6\u00dferes Engagement bei der Verantwortung","robots":{"index":"index","follow":"follow","max-snippet":"max-snippet:-1","max-image-preview":"max-image-preview:large","max-video-preview":"max-video-preview:-1"},"canonical":"https:\/\/www.avisrl.eu\/de\/unser-konkretes-engagement-fuer-oekologische-verantwortung\/","og_locale":"de_DE","og_type":"article","og_title":"Unser konkretes Engagement f\u00fcr \u00f6kologische Verantwortung - Avisrl","og_description":"Geringeres Gewicht beim \u00f6kologischen Fu\u00dfabdruck, gr\u00f6\u00dferes Engagement bei der Verantwortung","og_url":"https:\/\/www.avisrl.eu\/de\/unser-konkretes-engagement-fuer-oekologische-verantwortung\/","og_site_name":"Avisrl","article_modified_time":"2025-07-30T10:41:43+00:00","og_image":[{"width":1920,"height":1080,"url":"https:\/\/www.avisrl.eu\/wp-content\/uploads\/2025\/07\/avi-sostenibilita.webp","type":"image\/webp"}],"twitter_card":"summary_large_image","schema":{"@context":"https:\/\/schema.org","@graph":[{"@type":"WebPage","@id":"https:\/\/www.avisrl.eu\/de\/unser-konkretes-engagement-fuer-oekologische-verantwortung\/","url":"https:\/\/www.avisrl.eu\/de\/unser-konkretes-engagement-fuer-oekologische-verantwortung\/","name":"Unser konkretes Engagement f\u00fcr \u00f6kologische Verantwortung - Avisrl","isPartOf":{"@id":"https:\/\/www.avisrl.eu\/de\/#website"},"primaryImageOfPage":{"@id":"https:\/\/www.avisrl.eu\/de\/unser-konkretes-engagement-fuer-oekologische-verantwortung\/#primaryimage"},"image":{"@id":"https:\/\/www.avisrl.eu\/de\/unser-konkretes-engagement-fuer-oekologische-verantwortung\/#primaryimage"},"thumbnailUrl":"https:\/\/www.avisrl.eu\/wp-content\/uploads\/2025\/07\/avi-sostenibilita.webp","datePublished":"2025-05-06T10:44:10+00:00","dateModified":"2025-07-30T10:41:43+00:00","description":"Geringeres Gewicht beim \u00f6kologischen Fu\u00dfabdruck, gr\u00f6\u00dferes Engagement bei der Verantwortung","breadcrumb":{"@id":"https:\/\/www.avisrl.eu\/de\/unser-konkretes-engagement-fuer-oekologische-verantwortung\/#breadcrumb"},"inLanguage":"de","potentialAction":[{"@type":"ReadAction","target":["https:\/\/www.avisrl.eu\/de\/unser-konkretes-engagement-fuer-oekologische-verantwortung\/"]}]},{"@type":"ImageObject","inLanguage":"de","@id":"https:\/\/www.avisrl.eu\/de\/unser-konkretes-engagement-fuer-oekologische-verantwortung\/#primaryimage","url":"https:\/\/www.avisrl.eu\/wp-content\/uploads\/2025\/07\/avi-sostenibilita.webp","contentUrl":"https:\/\/www.avisrl.eu\/wp-content\/uploads\/2025\/07\/avi-sostenibilita.webp","width":1920,"height":1080,"caption":"Copertura fotovoltaica Avi srl"},{"@type":"BreadcrumbList","@id":"https:\/\/www.avisrl.eu\/de\/unser-konkretes-engagement-fuer-oekologische-verantwortung\/#breadcrumb","itemListElement":[{"@type":"ListItem","position":1,"name":"Home","item":"https:\/\/www.avisrl.eu\/de\/"},{"@type":"ListItem","position":2,"name":"Unser konkretes Engagement f\u00fcr \u00f6kologische Verantwortung"}]},{"@type":"WebSite","@id":"https:\/\/www.avisrl.eu\/de\/#website","url":"https:\/\/www.avisrl.eu\/de\/","name":"Avisrl","description":"Aluminiumcontainer","publisher":{"@id":"https:\/\/www.avisrl.eu\/de\/#organization"},"potentialAction":[{"@type":"SearchAction","target":{"@type":"EntryPoint","urlTemplate":"https:\/\/www.avisrl.eu\/de\/?s={search_term_string}"},"query-input":{"@type":"PropertyValueSpecification","valueRequired":true,"valueName":"search_term_string"}}],"inLanguage":"de"},{"@type":"Organization","@id":"https:\/\/www.avisrl.eu\/de\/#organization","name":"Avisrl","url":"https:\/\/www.avisrl.eu\/de\/","logo":{"@type":"ImageObject","inLanguage":"de","@id":"https:\/\/www.avisrl.eu\/de\/#\/schema\/logo\/image\/","url":"https:\/\/www.avisrl.eu\/wp-content\/uploads\/2025\/10\/logo-Avi-srl.svg","contentUrl":"https:\/\/www.avisrl.eu\/wp-content\/uploads\/2025\/10\/logo-Avi-srl.svg","width":124,"height":52,"caption":"Avisrl"},"image":{"@id":"https:\/\/www.avisrl.eu\/de\/#\/schema\/logo\/image\/"}}]}},"_links":{"self":[{"href":"https:\/\/www.avisrl.eu\/de\/wp-json\/wp\/v2\/pages\/652","targetHints":{"allow":["GET"]}}],"collection":[{"href":"https:\/\/www.avisrl.eu\/de\/wp-json\/wp\/v2\/pages"}],"about":[{"href":"https:\/\/www.avisrl.eu\/de\/wp-json\/wp\/v2\/types\/page"}],"author":[{"embeddable":true,"href":"https:\/\/www.avisrl.eu\/de\/wp-json\/wp\/v2\/users\/1"}],"replies":[{"embeddable":true,"href":"https:\/\/www.avisrl.eu\/de\/wp-json\/wp\/v2\/comments?post=652"}],"version-history":[{"count":0,"href":"https:\/\/www.avisrl.eu\/de\/wp-json\/wp\/v2\/pages\/652\/revisions"}],"wp:featuredmedia":[{"embeddable":true,"href":"https:\/\/www.avisrl.eu\/de\/wp-json\/wp\/v2\/media\/719"}],"wp:attachment":[{"href":"https:\/\/www.avisrl.eu\/de\/wp-json\/wp\/v2\/media?parent=652"}],"curies":[{"name":"wp","href":"https:\/\/api.w.org\/{rel}","templated":true}]}}